{"id":121574,"date":"2017-05-05T12:19:14","date_gmt":"2017-05-05T12:19:14","guid":{"rendered":"https:\/\/enoveas.com\/dienstleistungen\/"},"modified":"2024-10-21T13:33:57","modified_gmt":"2024-10-21T13:33:57","slug":"dienstleistungen","status":"publish","type":"page","link":"https:\/\/enoveas.com\/de\/dienstleistungen\/","title":{"rendered":"Dienstleistungen"},"content":{"rendered":"<div class=\"wpb-content-wrapper\"><p>[vc_row row_height_percent=&#8220;75&#8243; override_padding=&#8220;yes&#8220; h_padding=&#8220;2&#8243; top_padding=&#8220;4&#8243; bottom_padding=&#8220;4&#8243; back_color=&#8220;color-wayh&#8220; back_image=&#8220;119663&#8243; back_repeat=&#8220;no-repeat&#8220; back_position=&#8220;center top&#8220; overlay_color=&#8220;color-121276&#8243; overlay_alpha=&#8220;50&#8243; gutter_size=&#8220;3&#8243; column_width_use_pixel=&#8220;yes&#8220; shift_y=&#8220;0&#8243; z_index=&#8220;0&#8243; bottom_divider=&#8220;gradient&#8220; uncode_shortcode_id=&#8220;102416&#8243; back_color_type=&#8220;uncode-palette&#8220; back_size=&#8220;cover&#8220; overlay_color_type=&#8220;uncode-palette&#8220; column_width_pixel=&#8220;900&#8243;][vc_column column_width_percent=&#8220;100&#8243; position_vertical=&#8220;middle&#8220; gutter_size=&#8220;3&#8243; style=&#8220;dark&#8220; overlay_alpha=&#8220;50&#8243; shift_x=&#8220;0&#8243; shift_y=&#8220;0&#8243; shift_y_down=&#8220;0&#8243; z_index=&#8220;0&#8243; medium_width=&#8220;0&#8243; mobile_width=&#8220;0&#8243; zoom_width=&#8220;0&#8243; zoom_height=&#8220;0&#8243; width=&#8220;1\/1&#8243; uncode_shortcode_id=&#8220;145973&#8243;][vc_custom_heading heading_semantic=&#8220;h1&#8243; text_size=&#8220;fontsize-210105&#8243; text_height=&#8220;fontheight-179065&#8243; sub_reduced=&#8220;yes&#8220; uncode_shortcode_id=&#8220;163453&#8243;]Exzellenz im Zentrum der Leistung[\/vc_custom_heading][\/vc_column][\/vc_row][vc_row row_height_percent=&#8220;0&#8243; override_padding=&#8220;yes&#8220; h_padding=&#8220;2&#8243; top_padding=&#8220;4&#8243; bottom_padding=&#8220;4&#8243; overlay_alpha=&#8220;50&#8243; gutter_size=&#8220;3&#8243; column_width_percent=&#8220;100&#8243; shift_y=&#8220;0&#8243; z_index=&#8220;0&#8243; uncode_shortcode_id=&#8220;158474&#8243;][vc_column width=&#8220;1\/1&#8243;][vc_row_inner limit_content=&#8220;&#8220;][vc_column_inner column_width_percent=&#8220;72&#8243; align_horizontal=&#8220;align_center&#8220; gutter_size=&#8220;3&#8243; overlay_alpha=&#8220;50&#8243; shift_x=&#8220;0&#8243; shift_y=&#8220;0&#8243; shift_y_down=&#8220;0&#8243; z_index=&#8220;0&#8243; medium_width=&#8220;3&#8243; mobile_width=&#8220;0&#8243; css_animation=&#8220;alpha-anim&#8220; animation_delay=&#8220;400&#8243; width=&#8220;1\/3&#8243; uncode_shortcode_id=&#8220;852573&#8243;][vc_custom_heading text_color=&#8220;color-blue-silex&#8220; text_font=&#8220;font-908187&#8243; text_size=&#8220;h3&#8243; text_height=&#8220;fontheight-179065&#8243; separator_color=&#8220;yes&#8220; separator=&#8220;yes&#8220; uncode_shortcode_id=&#8220;586114&#8243; text_color_type=&#8220;uncode-palette&#8220;]ZU IHREN DIENSTEN[\/vc_custom_heading][vc_single_image media=&#8220;119801&#8243; media_width_use_pixel=&#8220;yes&#8220; alignment=&#8220;center&#8220; uncode_shortcode_id=&#8220;913201&#8243; media_width_pixel=&#8220;250&#8243;][vc_column_text text_lead=&#8220;yes&#8220; uncode_shortcode_id=&#8220;860241&#8243;]<\/p>\n<p style=\"text-align: center;\">Unser Kundendienstteam ist jederzeit f\u00fcr Sie da<\/p>\n<p>[\/vc_column_text][\/vc_column_inner][vc_column_inner column_width_percent=&#8220;100&#8243; align_horizontal=&#8220;align_center&#8220; gutter_size=&#8220;3&#8243; overlay_alpha=&#8220;50&#8243; shift_x=&#8220;0&#8243; shift_y=&#8220;0&#8243; shift_y_down=&#8220;0&#8243; z_index=&#8220;0&#8243; medium_width=&#8220;3&#8243; mobile_width=&#8220;0&#8243; css_animation=&#8220;alpha-anim&#8220; width=&#8220;1\/3&#8243; uncode_shortcode_id=&#8220;817273&#8243;][vc_custom_heading text_color=&#8220;color-blue-silex&#8220; text_font=&#8220;font-908187&#8243; text_size=&#8220;h3&#8243; text_height=&#8220;fontheight-179065&#8243; separator_color=&#8220;yes&#8220; separator=&#8220;yes&#8220; uncode_shortcode_id=&#8220;139284&#8243; text_color_type=&#8220;uncode-palette&#8220;]EXPERTENTEAM[\/vc_custom_heading][vc_single_image media=&#8220;119800&#8243; media_width_use_pixel=&#8220;yes&#8220; alignment=&#8220;center&#8220; uncode_shortcode_id=&#8220;141059&#8243; media_width_pixel=&#8220;250&#8243;][vc_column_text text_lead=&#8220;yes&#8220; uncode_shortcode_id=&#8220;138911&#8243;]<\/p>\n<p style=\"text-align: center;\">Wir begleiten Sie bei der<br \/>\nOptimierung Ihrer Prozesse<\/p>\n<p>[\/vc_column_text][\/vc_column_inner][vc_column_inner column_width_percent=&#8220;100&#8243; align_horizontal=&#8220;align_center&#8220; gutter_size=&#8220;3&#8243; overlay_alpha=&#8220;50&#8243; shift_x=&#8220;0&#8243; shift_y=&#8220;0&#8243; shift_y_down=&#8220;0&#8243; z_index=&#8220;0&#8243; medium_width=&#8220;3&#8243; mobile_width=&#8220;0&#8243; css_animation=&#8220;alpha-anim&#8220; animation_delay=&#8220;600&#8243; width=&#8220;1\/3&#8243; uncode_shortcode_id=&#8220;117449&#8243;][vc_custom_heading text_color=&#8220;color-blue-silex&#8220; text_font=&#8220;font-908187&#8243; text_size=&#8220;h3&#8243; text_height=&#8220;fontheight-179065&#8243; separator_color=&#8220;yes&#8220; separator=&#8220;yes&#8220; uncode_shortcode_id=&#8220;172364&#8243; text_color_type=&#8220;uncode-palette&#8220;]Weiterbildung[\/vc_custom_heading][vc_single_image media=&#8220;119802&#8243; media_width_use_pixel=&#8220;yes&#8220; alignment=&#8220;center&#8220; uncode_shortcode_id=&#8220;195866&#8243; media_width_pixel=&#8220;250&#8243;][vc_column_text text_lead=&#8220;yes&#8220; uncode_shortcode_id=&#8220;128225&#8243;]F\u00fcr eine vollst\u00e4ndige Nutzung des Potenzials unserer Mikromaschinen und Mikro-Fabriken[\/vc_column_text][\/vc_column_inner][\/vc_row_inner][\/vc_column][\/vc_row][vc_row row_height_percent=&#8220;0&#8243; override_padding=&#8220;yes&#8220; h_padding=&#8220;2&#8243; top_padding=&#8220;5&#8243; bottom_padding=&#8220;5&#8243; back_color=&#8220;color-wayh&#8220; overlay_alpha=&#8220;50&#8243; equal_height=&#8220;yes&#8220; gutter_size=&#8220;2&#8243; column_width_percent=&#8220;100&#8243; shift_y=&#8220;0&#8243; z_index=&#8220;0&#8243; content_parallax=&#8220;0&#8243; uncode_shortcode_id=&#8220;905689&#8243; back_color_type=&#8220;uncode-palette&#8220; el_id=&#8220;Academy&#8220;][vc_column column_width_use_pixel=&#8220;yes&#8220; position_vertical=&#8220;middle&#8220; gutter_size=&#8220;3&#8243; overlay_alpha=&#8220;50&#8243; shift_x=&#8220;0&#8243; shift_y=&#8220;0&#8243; shift_y_down=&#8220;0&#8243; z_index=&#8220;0&#8243; medium_width=&#8220;0&#8243; mobile_width=&#8220;0&#8243; css_animation=&#8220;alpha-anim&#8220; animation_delay=&#8220;400&#8243; width=&#8220;1\/2&#8243; uncode_shortcode_id=&#8220;424615&#8243; el_class=&#8220;text-white&#8220; column_width_pixel=&#8220;450&#8243;][vc_column_text text_lead=&#8220;yes&#8220; uncode_shortcode_id=&#8220;180749&#8243;]<\/p>\n<p style=\"text-align: center;\"><strong>Weiterbildung<\/strong><\/p>\n<p>[\/vc_column_text][vc_single_image media=&#8220;119793&#8243; media_width_use_pixel=&#8220;yes&#8220; alignment=&#8220;center&#8220; uncode_shortcode_id=&#8220;205634&#8243; media_width_pixel=&#8220;250&#8243;][vc_column_text text_lead=&#8220;yes&#8220; uncode_shortcode_id=&#8220;562040&#8243;]<\/p>\n<p style=\"text-align: center;\">Ob Sie das Beste aus unseren Mikromaschinen herausholen oder einfach Ihre Wartungskosten senken m\u00f6chten, wir schulen Ihre Teams jederzeit.<\/p>\n<p>[\/vc_column_text][\/vc_column][vc_column column_width_use_pixel=&#8220;yes&#8220; position_vertical=&#8220;middle&#8220; gutter_size=&#8220;3&#8243; overlay_alpha=&#8220;50&#8243; shift_x=&#8220;0&#8243; shift_y=&#8220;0&#8243; shift_y_down=&#8220;0&#8243; z_index=&#8220;0&#8243; medium_width=&#8220;0&#8243; mobile_width=&#8220;0&#8243; css_animation=&#8220;right-t-left&#8220; width=&#8220;1\/2&#8243; uncode_shortcode_id=&#8220;382066&#8243; column_width_pixel=&#8220;550&#8243;][vc_single_image media=&#8220;119713&#8243; media_width_percent=&#8220;100&#8243; media_ratio=&#8220;one-one&#8220; shape=&#8220;img-round&#8220; radius=&#8220;lg&#8220; uncode_shortcode_id=&#8220;251521&#8243;][\/vc_column][\/vc_row][vc_row row_height_percent=&#8220;0&#8243; override_padding=&#8220;yes&#8220; h_padding=&#8220;2&#8243; top_padding=&#8220;5&#8243; bottom_padding=&#8220;4&#8243; overlay_alpha=&#8220;50&#8243; gutter_size=&#8220;3&#8243; column_width_percent=&#8220;100&#8243; shift_y=&#8220;0&#8243; z_index=&#8220;0&#8243; content_parallax=&#8220;0&#8243; uncode_shortcode_id=&#8220;213561&#8243; el_id=&#8220;Unterst\u00fctzung&#8220;][vc_column column_width_percent=&#8220;80&#8243; gutter_size=&#8220;3&#8243; overlay_alpha=&#8220;50&#8243; shift_x=&#8220;0&#8243; shift_y=&#8220;0&#8243; shift_y_down=&#8220;0&#8243; z_index=&#8220;0&#8243; medium_width=&#8220;0&#8243; mobile_width=&#8220;0&#8243; width=&#8220;1\/1&#8243; uncode_shortcode_id=&#8220;657653&#8243;][vc_row_inner limit_content=&#8220;&#8220;][vc_column_inner column_width_use_pixel=&#8220;yes&#8220; gutter_size=&#8220;2&#8243; overlay_alpha=&#8220;50&#8243; shift_x=&#8220;0&#8243; shift_y=&#8220;0&#8243; shift_y_down=&#8220;0&#8243; z_index=&#8220;0&#8243; medium_width=&#8220;4&#8243; mobile_width=&#8220;0&#8243; css_animation=&#8220;bottom-t-top&#8220; width=&#8220;1\/2&#8243; uncode_shortcode_id=&#8220;111479&#8243; column_width_pixel=&#8220;400&#8243;][vc_single_image media=&#8220;119667&#8243; media_width_use_pixel=&#8220;yes&#8220; media_ratio=&#8220;four-five&#8220; alignment=&#8220;center&#8220; shape=&#8220;img-round&#8220; radius=&#8220;lg&#8220; uncode_shortcode_id=&#8220;689397&#8243; media_width_pixel=&#8220;300&#8243;][vc_column_text text_lead=&#8220;yes&#8220; uncode_shortcode_id=&#8220;111073&#8243;]<\/p>\n<h4 style=\"text-align: center;\"><strong>Zu Ihren Diensten<\/strong><\/h4>\n<p>[\/vc_column_text][vc_single_image media=&#8220;119801&#8243; media_width_use_pixel=&#8220;yes&#8220; alignment=&#8220;center&#8220; uncode_shortcode_id=&#8220;913201&#8243; media_width_pixel=&#8220;250&#8243;][vc_column_text uncode_shortcode_id=&#8220;143163&#8243;]<\/p>\n<p style=\"text-align: center;\">Ein Team von Experten steht Ihnen zur Verf\u00fcgung, um Ihre Bed\u00fcrfnisse zu erf\u00fcllen und den reibungslosen Betrieb Ihrer Maschinen sicherzustellen.<\/p>\n<p>[\/vc_column_text][\/vc_column_inner][vc_column_inner column_width_use_pixel=&#8220;yes&#8220; gutter_size=&#8220;2&#8243; overlay_alpha=&#8220;50&#8243; shift_x=&#8220;0&#8243; shift_y=&#8220;0&#8243; shift_y_down=&#8220;0&#8243; z_index=&#8220;0&#8243; medium_width=&#8220;4&#8243; mobile_width=&#8220;0&#8243; css_animation=&#8220;bottom-t-top&#8220; animation_delay=&#8220;300&#8243; width=&#8220;1\/2&#8243; uncode_shortcode_id=&#8220;196054&#8243; column_width_pixel=&#8220;400&#8243;][vc_single_image media=&#8220;119669&#8243; media_width_use_pixel=&#8220;yes&#8220; media_ratio=&#8220;four-five&#8220; alignment=&#8220;center&#8220; shape=&#8220;img-round&#8220; radius=&#8220;lg&#8220; uncode_shortcode_id=&#8220;192400&#8243; media_width_pixel=&#8220;300&#8243;][vc_column_text text_lead=&#8220;yes&#8220; uncode_shortcode_id=&#8220;120647&#8243;]<\/p>\n<h4 style=\"text-align: center;\">Das Know-how von Experten<\/h4>\n<p>[\/vc_column_text][vc_single_image media=&#8220;119800&#8243; media_width_use_pixel=&#8220;yes&#8220; alignment=&#8220;center&#8220; uncode_shortcode_id=&#8220;202631&#8243; media_width_pixel=&#8220;250&#8243;][vc_column_text uncode_shortcode_id=&#8220;123132&#8243;]<\/p>\n<p style=\"text-align: center;\" data-ccp-props=\"{\"335551550\":1,\"335551620\":1,\"335559683\":0,\"335559685\":0,\"335559731\":0,\"335559737\":0,\"335562764\":2,\"335562765\":1,\"335562766\":4,\"335562767\":0,\"335562768\":4,\"335562769\":0}\"><span data-usefontface=\"false\" data-contrast=\"none\">Mit einer SILEX profitieren Sie vom Know-how <\/span><span data-usefontface=\"false\" data-contrast=\"none\">und der Erfahrung unserer Experten.  <\/span><span data-usefontface=\"false\" data-contrast=\"none\">Sie analysieren Ihre Bed\u00fcrfnisse und unterst\u00fctzen Sie dabei, <\/span><span data-usefontface=\"false\" data-contrast=\"none\">Ihre Prozesse zu optimieren, <\/span><span data-usefontface=\"false\" data-contrast=\"none\">um die Qualit\u00e4t zu steigern und die but <\/span><span data-usefontface=\"false\" data-contrast=\"none\">Produktionskosten zu senken.<\/span><\/p>\n<p>[\/vc_column_text][\/vc_column_inner][\/vc_row_inner][\/vc_column][\/vc_row][vc_row row_height_percent=&#8220;0&#8243; override_padding=&#8220;yes&#8220; h_padding=&#8220;2&#8243; top_padding=&#8220;2&#8243; bottom_padding=&#8220;5&#8243; overlay_alpha=&#8220;50&#8243; gutter_size=&#8220;3&#8243; column_width_percent=&#8220;100&#8243; shift_y=&#8220;0&#8243; z_index=&#8220;0&#8243; uncode_shortcode_id=&#8220;115412&#8243;][vc_column column_width_use_pixel=&#8220;yes&#8220; align_horizontal=&#8220;align_center&#8220; gutter_size=&#8220;3&#8243; overlay_alpha=&#8220;50&#8243; shift_x=&#8220;0&#8243; shift_y=&#8220;0&#8243; shift_y_down=&#8220;0&#8243; z_index=&#8220;0&#8243; medium_width=&#8220;0&#8243; mobile_width=&#8220;0&#8243; css_animation=&#8220;bottom-t-top&#8220; width=&#8220;1\/1&#8243; uncode_shortcode_id=&#8220;205056&#8243; column_width_pixel=&#8220;600&#8243;][vc_button button_color=&#8220;color-wayh&#8220; wide=&#8220;yes&#8220; hover_fx=&#8220;outlined&#8220; outline=&#8220;yes&#8220; border_width=&#8220;0&#8243; display=&#8220;inline&#8220; css_animation=&#8220;alpha-anim&#8220; link=&#8220;url:https%3A%2F%2Fenoveas.com%2Fde%2Fvertriebspartner-und-hauptsitz%2F%23contact|title:Kontaktieren%20Sie%20uns|&#8220; button_color_type=&#8220;uncode-palette&#8220; uncode_shortcode_id=&#8220;212142&#8243;]Weitere Informationen[\/vc_button][\/vc_column][\/vc_row]<\/p>\n<\/div>","protected":false},"excerpt":{"rendered":"<p>[vc_row row_height_percent=&#8220;75&#8243; override_padding=&#8220;yes&#8220; h_padding=&#8220;2&#8243; top_padding=&#8220;4&#8243; bottom_padding=&#8220;4&#8243; back_color=&#8220;color-wayh&#8220; back_image=&#8220;119663&#8243; back_repeat=&#8220;no-repeat&#8220; back_position=&#8220;center top&#8220; overlay_color=&#8220;color-121276&#8243; overlay_alpha=&#8220;50&#8243; gutter_size=&#8220;3&#8243; column_width_use_pixel=&#8220;yes&#8220; shift_y=&#8220;0&#8243; z_index=&#8220;0&#8243; bottom_divider=&#8220;gradient&#8220; uncode_shortcode_id=&#8220;102416&#8243; back_color_type=&#8220;uncode-palette&#8220; [&hellip;]<\/p>\n","protected":false},"author":1,"featured_media":0,"parent":0,"menu_order":0,"comment_status":"closed","ping_status":"closed","template":"","meta":{"_acf_changed":false,"inline_featured_image":false,"footnotes":""},"class_list":["post-121574","page","type-page","status-publish","hentry"],"acf":[],"yoast_head":"<!-- This site is optimized with the Yoast SEO plugin v26.3 - https:\/\/yoast.com\/wordpress\/plugins\/seo\/ -->\n<title>Exzellenz im Zentrum der Leistung.<\/title>\n<meta name=\"description\" content=\"Exzellenz im Zentrum der Leistung: Unser Engagement f\u00fcr Qualit\u00e4t und Effizienz.\" \/>\n<meta name=\"robots\" content=\"index, follow, max-snippet:-1, max-image-preview:large, max-video-preview:-1\" \/>\n<link rel=\"canonical\" href=\"https:\/\/enoveas.com\/de\/dienstleistungen\/\" \/>\n<meta property=\"og:locale\" content=\"de_DE\" \/>\n<meta property=\"og:type\" content=\"article\" \/>\n<meta property=\"og:title\" content=\"Exzellenz im Zentrum der Leistung.\" \/>\n<meta property=\"og:description\" content=\"Exzellenz im Zentrum der Leistung: Unser Engagement f\u00fcr Qualit\u00e4t und Effizienz.\" \/>\n<meta property=\"og:url\" content=\"https:\/\/enoveas.com\/de\/dienstleistungen\/\" \/>\n<meta property=\"og:site_name\" content=\"ENOVEAS\" \/>\n<meta property=\"article:modified_time\" content=\"2024-10-21T13:33:57+00:00\" \/>\n<meta property=\"og:image\" content=\"https:\/\/enoveas.com\/wp-content\/uploads\/2023\/03\/set-con-prospettiva-jpg-FORZATA.5568-copia-2-SOLO-3-MACCHINE.jpg\" \/>\n\t<meta property=\"og:image:width\" content=\"1200\" \/>\n\t<meta property=\"og:image:height\" content=\"768\" \/>\n\t<meta property=\"og:image:type\" content=\"image\/jpeg\" \/>\n<meta name=\"twitter:card\" content=\"summary_large_image\" \/>\n<meta name=\"twitter:label1\" content=\"Gesch\u00e4tzte Lesezeit\" \/>\n\t<meta name=\"twitter:data1\" content=\"6\u00a0Minuten\" \/>\n<script type=\"application\/ld+json\" class=\"yoast-schema-graph\">{\"@context\":\"https:\/\/schema.org\",\"@graph\":[{\"@type\":\"WebPage\",\"@id\":\"https:\/\/enoveas.com\/de\/dienstleistungen\/\",\"url\":\"https:\/\/enoveas.com\/de\/dienstleistungen\/\",\"name\":\"Exzellenz im Zentrum der Leistung.\",\"isPartOf\":{\"@id\":\"https:\/\/enoveas.com\/de\/#website\"},\"datePublished\":\"2017-05-05T12:19:14+00:00\",\"dateModified\":\"2024-10-21T13:33:57+00:00\",\"description\":\"Exzellenz im Zentrum der Leistung: Unser Engagement f\u00fcr Qualit\u00e4t und Effizienz.\",\"breadcrumb\":{\"@id\":\"https:\/\/enoveas.com\/de\/dienstleistungen\/#breadcrumb\"},\"inLanguage\":\"de\",\"potentialAction\":[{\"@type\":\"ReadAction\",\"target\":[\"https:\/\/enoveas.com\/de\/dienstleistungen\/\"]}]},{\"@type\":\"BreadcrumbList\",\"@id\":\"https:\/\/enoveas.com\/de\/dienstleistungen\/#breadcrumb\",\"itemListElement\":[{\"@type\":\"ListItem\",\"position\":1,\"name\":\"Home\",\"item\":\"https:\/\/enoveas.com\/de\/home-silex\/\"},{\"@type\":\"ListItem\",\"position\":2,\"name\":\"Dienstleistungen\"}]},{\"@type\":\"WebSite\",\"@id\":\"https:\/\/enoveas.com\/de\/#website\",\"url\":\"https:\/\/enoveas.com\/de\/\",\"name\":\"ENOVEAS\",\"description\":\"To transform the factory concept\",\"publisher\":{\"@id\":\"https:\/\/enoveas.com\/de\/#organization\"},\"alternateName\":\"Silex CNC\",\"potentialAction\":[{\"@type\":\"SearchAction\",\"target\":{\"@type\":\"EntryPoint\",\"urlTemplate\":\"https:\/\/enoveas.com\/de\/?s={search_term_string}\"},\"query-input\":{\"@type\":\"PropertyValueSpecification\",\"valueRequired\":true,\"valueName\":\"search_term_string\"}}],\"inLanguage\":\"de\"},{\"@type\":\"Organization\",\"@id\":\"https:\/\/enoveas.com\/de\/#organization\",\"name\":\"Enoveas\",\"url\":\"https:\/\/enoveas.com\/de\/\",\"logo\":{\"@type\":\"ImageObject\",\"inLanguage\":\"de\",\"@id\":\"https:\/\/enoveas.com\/de\/#\/schema\/logo\/image\/\",\"url\":\"https:\/\/enoveas.com\/wp-content\/uploads\/2023\/03\/logo-enoveas-swiss.svg\",\"contentUrl\":\"https:\/\/enoveas.com\/wp-content\/uploads\/2023\/03\/logo-enoveas-swiss.svg\",\"width\":8028,\"height\":8129,\"caption\":\"Enoveas\"},\"image\":{\"@id\":\"https:\/\/enoveas.com\/de\/#\/schema\/logo\/image\/\"},\"sameAs\":[\"https:\/\/www.linkedin.com\/company\/enoveas\/\"]}]}<\/script>\n<!-- \/ Yoast SEO plugin. -->","yoast_head_json":{"title":"Exzellenz im Zentrum der Leistung.","description":"Exzellenz im Zentrum der Leistung: Unser Engagement f\u00fcr Qualit\u00e4t und Effizienz.","robots":{"index":"index","follow":"follow","max-snippet":"max-snippet:-1","max-image-preview":"max-image-preview:large","max-video-preview":"max-video-preview:-1"},"canonical":"https:\/\/enoveas.com\/de\/dienstleistungen\/","og_locale":"de_DE","og_type":"article","og_title":"Exzellenz im Zentrum der Leistung.","og_description":"Exzellenz im Zentrum der Leistung: Unser Engagement f\u00fcr Qualit\u00e4t und Effizienz.","og_url":"https:\/\/enoveas.com\/de\/dienstleistungen\/","og_site_name":"ENOVEAS","article_modified_time":"2024-10-21T13:33:57+00:00","og_image":[{"width":1200,"height":768,"url":"https:\/\/enoveas.com\/wp-content\/uploads\/2023\/03\/set-con-prospettiva-jpg-FORZATA.5568-copia-2-SOLO-3-MACCHINE.jpg","type":"image\/jpeg"}],"twitter_card":"summary_large_image","twitter_misc":{"Gesch\u00e4tzte Lesezeit":"6\u00a0Minuten"},"schema":{"@context":"https:\/\/schema.org","@graph":[{"@type":"WebPage","@id":"https:\/\/enoveas.com\/de\/dienstleistungen\/","url":"https:\/\/enoveas.com\/de\/dienstleistungen\/","name":"Exzellenz im Zentrum der Leistung.","isPartOf":{"@id":"https:\/\/enoveas.com\/de\/#website"},"datePublished":"2017-05-05T12:19:14+00:00","dateModified":"2024-10-21T13:33:57+00:00","description":"Exzellenz im Zentrum der Leistung: Unser Engagement f\u00fcr Qualit\u00e4t und Effizienz.","breadcrumb":{"@id":"https:\/\/enoveas.com\/de\/dienstleistungen\/#breadcrumb"},"inLanguage":"de","potentialAction":[{"@type":"ReadAction","target":["https:\/\/enoveas.com\/de\/dienstleistungen\/"]}]},{"@type":"BreadcrumbList","@id":"https:\/\/enoveas.com\/de\/dienstleistungen\/#breadcrumb","itemListElement":[{"@type":"ListItem","position":1,"name":"Home","item":"https:\/\/enoveas.com\/de\/home-silex\/"},{"@type":"ListItem","position":2,"name":"Dienstleistungen"}]},{"@type":"WebSite","@id":"https:\/\/enoveas.com\/de\/#website","url":"https:\/\/enoveas.com\/de\/","name":"ENOVEAS","description":"To transform the factory concept","publisher":{"@id":"https:\/\/enoveas.com\/de\/#organization"},"alternateName":"Silex CNC","potentialAction":[{"@type":"SearchAction","target":{"@type":"EntryPoint","urlTemplate":"https:\/\/enoveas.com\/de\/?s={search_term_string}"},"query-input":{"@type":"PropertyValueSpecification","valueRequired":true,"valueName":"search_term_string"}}],"inLanguage":"de"},{"@type":"Organization","@id":"https:\/\/enoveas.com\/de\/#organization","name":"Enoveas","url":"https:\/\/enoveas.com\/de\/","logo":{"@type":"ImageObject","inLanguage":"de","@id":"https:\/\/enoveas.com\/de\/#\/schema\/logo\/image\/","url":"https:\/\/enoveas.com\/wp-content\/uploads\/2023\/03\/logo-enoveas-swiss.svg","contentUrl":"https:\/\/enoveas.com\/wp-content\/uploads\/2023\/03\/logo-enoveas-swiss.svg","width":8028,"height":8129,"caption":"Enoveas"},"image":{"@id":"https:\/\/enoveas.com\/de\/#\/schema\/logo\/image\/"},"sameAs":["https:\/\/www.linkedin.com\/company\/enoveas\/"]}]}},"_links":{"self":[{"href":"https:\/\/enoveas.com\/de\/wp-json\/wp\/v2\/pages\/121574","targetHints":{"allow":["GET"]}}],"collection":[{"href":"https:\/\/enoveas.com\/de\/wp-json\/wp\/v2\/pages"}],"about":[{"href":"https:\/\/enoveas.com\/de\/wp-json\/wp\/v2\/types\/page"}],"author":[{"embeddable":true,"href":"https:\/\/enoveas.com\/de\/wp-json\/wp\/v2\/users\/1"}],"replies":[{"embeddable":true,"href":"https:\/\/enoveas.com\/de\/wp-json\/wp\/v2\/comments?post=121574"}],"version-history":[{"count":2,"href":"https:\/\/enoveas.com\/de\/wp-json\/wp\/v2\/pages\/121574\/revisions"}],"predecessor-version":[{"id":121576,"href":"https:\/\/enoveas.com\/de\/wp-json\/wp\/v2\/pages\/121574\/revisions\/121576"}],"wp:attachment":[{"href":"https:\/\/enoveas.com\/de\/wp-json\/wp\/v2\/media?parent=121574"}],"curies":[{"name":"wp","href":"https:\/\/api.w.org\/{rel}","templated":true}]}}