{"id":121543,"date":"2024-10-18T05:59:19","date_gmt":"2024-10-18T05:59:19","guid":{"rendered":"https:\/\/enoveas.com\/b-next-group\/"},"modified":"2025-11-27T08:27:05","modified_gmt":"2025-11-27T08:27:05","slug":"b-next-group","status":"publish","type":"page","link":"https:\/\/enoveas.com\/de\/b-next-group\/","title":{"rendered":"B-Next Group"},"content":{"rendered":"<div class=\"wpb-content-wrapper\"><p>[vc_row row_height_percent=&#8220;75&#8243; override_padding=&#8220;yes&#8220; h_padding=&#8220;2&#8243; top_padding=&#8220;4&#8243; bottom_padding=&#8220;4&#8243; back_color=&#8220;color-wayh&#8220; back_image=&#8220;121366&#8243; back_repeat=&#8220;no-repeat&#8220; back_position=&#8220;center top&#8220; overlay_color=&#8220;color-121276&#8243; overlay_alpha=&#8220;50&#8243; gutter_size=&#8220;3&#8243; column_width_use_pixel=&#8220;yes&#8220; shift_y=&#8220;0&#8243; z_index=&#8220;0&#8243; bottom_divider=&#8220;gradient&#8220; content_parallax=&#8220;0&#8243; uncode_shortcode_id=&#8220;177242&#8243; back_color_type=&#8220;uncode-palette&#8220; back_size=&#8220;cover&#8220; overlay_color_type=&#8220;uncode-palette&#8220; column_width_pixel=&#8220;900&#8243;][vc_column column_width_percent=&#8220;100&#8243; position_vertical=&#8220;middle&#8220; gutter_size=&#8220;3&#8243; style=&#8220;dark&#8220; overlay_alpha=&#8220;50&#8243; shift_x=&#8220;0&#8243; shift_y=&#8220;0&#8243; shift_y_down=&#8220;0&#8243; z_index=&#8220;0&#8243; medium_width=&#8220;0&#8243; mobile_width=&#8220;0&#8243; zoom_width=&#8220;0&#8243; zoom_height=&#8220;0&#8243; width=&#8220;1\/1&#8243; uncode_shortcode_id=&#8220;145973&#8243;][vc_custom_heading heading_semantic=&#8220;h1&#8243; text_size=&#8220;fontsize-210105&#8243; text_height=&#8220;fontheight-179065&#8243; sub_lead=&#8220;yes&#8220; sub_reduced=&#8220;yes&#8220; uncode_shortcode_id=&#8220;128938&#8243; subheading=&#8220;Swiss High-Tech Industry&#8220;]B-Next Group[\/vc_custom_heading][\/vc_column][\/vc_row][vc_row row_height_percent=&#8220;0&#8243; override_padding=&#8220;yes&#8220; h_padding=&#8220;2&#8243; top_padding=&#8220;3&#8243; bottom_padding=&#8220;1&#8243; overlay_alpha=&#8220;50&#8243; equal_height=&#8220;yes&#8220; gutter_size=&#8220;5&#8243; column_width_percent=&#8220;100&#8243; shift_y=&#8220;0&#8243; z_index=&#8220;0&#8243; content_parallax=&#8220;0&#8243; uncode_shortcode_id=&#8220;155170&#8243;][vc_column column_width_use_pixel=&#8220;yes&#8220; gutter_size=&#8220;3&#8243; overlay_alpha=&#8220;50&#8243; shift_x=&#8220;0&#8243; shift_y=&#8220;0&#8243; shift_y_down=&#8220;0&#8243; z_index=&#8220;0&#8243; medium_width=&#8220;0&#8243; mobile_width=&#8220;0&#8243; width=&#8220;1\/1&#8243; uncode_shortcode_id=&#8220;177575&#8243; column_width_pixel=&#8220;900&#8243;][vc_row_inner][vc_column_inner column_width_use_pixel=&#8220;yes&#8220; align_horizontal=&#8220;align_center&#8220; gutter_size=&#8220;3&#8243; override_padding=&#8220;yes&#8220; column_padding=&#8220;4&#8243; overlay_alpha=&#8220;50&#8243; shift_x=&#8220;0&#8243; shift_y=&#8220;0&#8243; shift_y_down=&#8220;0&#8243; z_index=&#8220;0&#8243; medium_width=&#8220;0&#8243; mobile_width=&#8220;0&#8243; width=&#8220;1\/1&#8243; uncode_shortcode_id=&#8220;612506&#8243; column_width_pixel=&#8220;450&#8243;][vc_single_image media=&#8220;121376&#8243; media_width_percent=&#8220;100&#8243; uncode_shortcode_id=&#8220;807225&#8243;][\/vc_column_inner][\/vc_row_inner][vc_custom_heading text_size=&#8220;h1&#8243; uncode_shortcode_id=&#8220;205453&#8243;]<strong>B-Next Group &#8211; Komplementarit\u00e4t, Qualit\u00e4t, Zuverl\u00e4ssigkeit, Innovation.<\/strong>[\/vc_custom_heading][vc_column_text text_lead=&#8220;yes&#8220; uncode_shortcode_id=&#8220;441773&#8243;]<strong>B-Next Group <\/strong>ist in etwa f\u00fcnfzehn Branchen t\u00e4tig, darunter<strong> Uhrenindustrie, Automobilindustrie, Luftfahrt, Medtech, Hydraulik, Robotik und Werkzeugmaschinen.<\/strong>[\/vc_column_text][vc_column_text text_lead=&#8220;yes&#8220; uncode_shortcode_id=&#8220;162429&#8243;]B-Next Group SA ist ein anerkannter Akteur in der Entwicklung und Produktion von Hochpr\u00e4zisionswerkzeugen, der komplement\u00e4re Unternehmen integriert: ENOVEAS f\u00fcr Mikromaschinen und Mikrofabriken, ICE Automation f\u00fcr modulare Automatisierungssysteme, BBN Spindeln f\u00fcr Maschinenspindeln, Mu-Tools f\u00fcr ultrapr\u00e4zise Endbearbeitungssysteme und Global Industrie Services f\u00fcr die Wartung. Wir legen Wert auf eine kontinuierliche Verbesserung der Produktionsprozesse und konzentrieren uns auf Nachhaltigkeit.[\/vc_column_text][\/vc_column][\/vc_row][vc_row row_height_percent=&#8220;0&#8243; override_padding=&#8220;yes&#8220; h_padding=&#8220;2&#8243; top_padding=&#8220;2&#8243; bottom_padding=&#8220;1&#8243; overlay_alpha=&#8220;50&#8243; gutter_size=&#8220;3&#8243; column_width_percent=&#8220;100&#8243; shift_y=&#8220;0&#8243; z_index=&#8220;0&#8243; content_parallax=&#8220;0&#8243; uncode_shortcode_id=&#8220;156795&#8243;][vc_column width=&#8220;1\/1&#8243;][vc_row_inner][vc_column_inner column_width_use_pixel=&#8220;yes&#8220; align_horizontal=&#8220;align_center&#8220; gutter_size=&#8220;3&#8243; override_padding=&#8220;yes&#8220; column_padding=&#8220;4&#8243; overlay_alpha=&#8220;50&#8243; shift_x=&#8220;0&#8243; shift_y=&#8220;0&#8243; shift_y_down=&#8220;0&#8243; z_index=&#8220;0&#8243; medium_width=&#8220;0&#8243; mobile_width=&#8220;0&#8243; width=&#8220;1\/1&#8243; uncode_shortcode_id=&#8220;612506&#8243; column_width_pixel=&#8220;450&#8243;][vc_single_image media=&#8220;121376&#8243; media_width_percent=&#8220;100&#8243; uncode_shortcode_id=&#8220;807225&#8243;][\/vc_column_inner][\/vc_row_inner][\/vc_column][\/vc_row][vc_row row_height_percent=&#8220;0&#8243; override_padding=&#8220;yes&#8220; h_padding=&#8220;2&#8243; top_padding=&#8220;0&#8243; bottom_padding=&#8220;4&#8243; overlay_alpha=&#8220;50&#8243; gutter_size=&#8220;3&#8243; column_width_percent=&#8220;100&#8243; shift_y=&#8220;0&#8243; z_index=&#8220;0&#8243; content_parallax=&#8220;0&#8243; uncode_shortcode_id=&#8220;201990&#8243; el_id=&#8220;inline&#8220;][vc_column width=&#8220;1\/1&#8243;][vc_single_image media=&#8220;121467&#8243; media_width_use_pixel=&#8220;yes&#8220; alignment=&#8220;center&#8220; uncode_shortcode_id=&#8220;136064&#8243;][vc_single_image media=&#8220;121397&#8243; media_width_percent=&#8220;100&#8243; alignment=&#8220;center&#8220; uncode_shortcode_id=&#8220;125986&#8243; media_link=&#8220;url:https%3A%2F%2Ficeautomation.com%2F|target:_blank&#8220;][vc_single_image media=&#8220;121473&#8243; media_width_percent=&#8220;100&#8243; alignment=&#8220;center&#8220; uncode_shortcode_id=&#8220;181244&#8243; media_link=&#8220;url:https%3A%2F%2Fwww.mu-tools.ch%2F|target:_blank&#8220;][vc_single_image media=&#8220;121479&#8243; media_width_percent=&#8220;100&#8243; alignment=&#8220;center&#8220; uncode_shortcode_id=&#8220;816209&#8243; media_link=&#8220;url:https%3A%2F%2Fgi-services.ch%2F|target:_blank&#8220;][\/vc_column][\/vc_row][vc_row row_height_percent=&#8220;0&#8243; override_padding=&#8220;yes&#8220; h_padding=&#8220;2&#8243; top_padding=&#8220;0&#8243; bottom_padding=&#8220;5&#8243; overlay_alpha=&#8220;50&#8243; gutter_size=&#8220;3&#8243; column_width_percent=&#8220;100&#8243; shift_y=&#8220;0&#8243; z_index=&#8220;0&#8243; content_parallax=&#8220;0&#8243; uncode_shortcode_id=&#8220;176016&#8243;][vc_column column_width_percent=&#8220;100&#8243; align_horizontal=&#8220;align_center&#8220; gutter_size=&#8220;3&#8243; overlay_alpha=&#8220;50&#8243; shift_x=&#8220;0&#8243; shift_y=&#8220;0&#8243; shift_y_down=&#8220;0&#8243; z_index=&#8220;0&#8243; medium_width=&#8220;0&#8243; mobile_width=&#8220;0&#8243; width=&#8220;1\/1&#8243; uncode_shortcode_id=&#8220;106128&#8243;][vc_column_text text_lead=&#8220;yes&#8220; uncode_shortcode_id=&#8220;350175&#8243;]Weitere Informationen[\/vc_column_text][vc_button border_width=&#8220;0&#8243; link=&#8220;url:http%3A%2F%2Fcont|&#8220; uncode_shortcode_id=&#8220;132676&#8243;]Kontaktieren Sie uns[\/vc_button][\/vc_column][\/vc_row]<\/p>\n<\/div>","protected":false},"excerpt":{"rendered":"<p>[vc_row row_height_percent=&#8220;75&#8243; override_padding=&#8220;yes&#8220; h_padding=&#8220;2&#8243; top_padding=&#8220;4&#8243; bottom_padding=&#8220;4&#8243; back_color=&#8220;color-wayh&#8220; back_image=&#8220;121366&#8243; back_repeat=&#8220;no-repeat&#8220; back_position=&#8220;center top&#8220; overlay_color=&#8220;color-121276&#8243; overlay_alpha=&#8220;50&#8243; gutter_size=&#8220;3&#8243; column_width_use_pixel=&#8220;yes&#8220; shift_y=&#8220;0&#8243; z_index=&#8220;0&#8243; bottom_divider=&#8220;gradient&#8220; content_parallax=&#8220;0&#8243; uncode_shortcode_id=&#8220;177242&#8243; [&hellip;]<\/p>\n","protected":false},"author":1,"featured_media":0,"parent":0,"menu_order":0,"comment_status":"closed","ping_status":"closed","template":"","meta":{"_acf_changed":false,"inline_featured_image":false,"footnotes":""},"class_list":["post-121543","page","type-page","status-publish","hentry"],"acf":[],"yoast_head":"<!-- This site is optimized with the Yoast SEO plugin v26.3 - https:\/\/yoast.com\/wordpress\/plugins\/seo\/ -->\n<title>B-Next Group - ENOVEAS<\/title>\n<meta name=\"robots\" content=\"index, follow, max-snippet:-1, max-image-preview:large, max-video-preview:-1\" \/>\n<link rel=\"canonical\" href=\"https:\/\/enoveas.com\/de\/b-next-group\/\" \/>\n<meta property=\"og:locale\" content=\"de_DE\" \/>\n<meta property=\"og:type\" content=\"article\" \/>\n<meta property=\"og:title\" content=\"B-Next Group - ENOVEAS\" \/>\n<meta property=\"og:description\" content=\"[vc_row row_height_percent=&#8220;75&#8243; override_padding=&#8220;yes&#8220; h_padding=&#8220;2&#8243; top_padding=&#8220;4&#8243; bottom_padding=&#8220;4&#8243; back_color=&#8220;color-wayh&#8220; back_image=&#8220;121366&#8243; back_repeat=&#8220;no-repeat&#8220; back_position=&#8220;center top&#8220; overlay_color=&#8220;color-121276&#8243; overlay_alpha=&#8220;50&#8243; gutter_size=&#8220;3&#8243; column_width_use_pixel=&#8220;yes&#8220; shift_y=&#8220;0&#8243; z_index=&#8220;0&#8243; bottom_divider=&#8220;gradient&#8220; content_parallax=&#8220;0&#8243; uncode_shortcode_id=&#8220;177242&#8243; [&hellip;]\" \/>\n<meta property=\"og:url\" content=\"https:\/\/enoveas.com\/de\/b-next-group\/\" \/>\n<meta property=\"og:site_name\" content=\"ENOVEAS\" \/>\n<meta property=\"article:modified_time\" content=\"2025-11-27T08:27:05+00:00\" \/>\n<meta property=\"og:image\" content=\"https:\/\/enoveas.com\/wp-content\/uploads\/2023\/03\/set-con-prospettiva-jpg-FORZATA.5568-copia-2-SOLO-3-MACCHINE.jpg\" \/>\n\t<meta property=\"og:image:width\" content=\"1200\" \/>\n\t<meta property=\"og:image:height\" content=\"768\" \/>\n\t<meta property=\"og:image:type\" content=\"image\/jpeg\" \/>\n<meta name=\"twitter:card\" content=\"summary_large_image\" \/>\n<meta name=\"twitter:label1\" content=\"Gesch\u00e4tzte Lesezeit\" \/>\n\t<meta name=\"twitter:data1\" content=\"4\u00a0Minuten\" \/>\n<script type=\"application\/ld+json\" class=\"yoast-schema-graph\">{\"@context\":\"https:\/\/schema.org\",\"@graph\":[{\"@type\":\"WebPage\",\"@id\":\"https:\/\/enoveas.com\/de\/b-next-group\/\",\"url\":\"https:\/\/enoveas.com\/de\/b-next-group\/\",\"name\":\"B-Next Group - ENOVEAS\",\"isPartOf\":{\"@id\":\"https:\/\/enoveas.com\/de\/#website\"},\"datePublished\":\"2024-10-18T05:59:19+00:00\",\"dateModified\":\"2025-11-27T08:27:05+00:00\",\"breadcrumb\":{\"@id\":\"https:\/\/enoveas.com\/de\/b-next-group\/#breadcrumb\"},\"inLanguage\":\"de\",\"potentialAction\":[{\"@type\":\"ReadAction\",\"target\":[\"https:\/\/enoveas.com\/de\/b-next-group\/\"]}]},{\"@type\":\"BreadcrumbList\",\"@id\":\"https:\/\/enoveas.com\/de\/b-next-group\/#breadcrumb\",\"itemListElement\":[{\"@type\":\"ListItem\",\"position\":1,\"name\":\"Home\",\"item\":\"https:\/\/enoveas.com\/de\/home-silex\/\"},{\"@type\":\"ListItem\",\"position\":2,\"name\":\"B-Next Group\"}]},{\"@type\":\"WebSite\",\"@id\":\"https:\/\/enoveas.com\/de\/#website\",\"url\":\"https:\/\/enoveas.com\/de\/\",\"name\":\"ENOVEAS\",\"description\":\"To transform the factory concept\",\"publisher\":{\"@id\":\"https:\/\/enoveas.com\/de\/#organization\"},\"alternateName\":\"Silex CNC\",\"potentialAction\":[{\"@type\":\"SearchAction\",\"target\":{\"@type\":\"EntryPoint\",\"urlTemplate\":\"https:\/\/enoveas.com\/de\/?s={search_term_string}\"},\"query-input\":{\"@type\":\"PropertyValueSpecification\",\"valueRequired\":true,\"valueName\":\"search_term_string\"}}],\"inLanguage\":\"de\"},{\"@type\":\"Organization\",\"@id\":\"https:\/\/enoveas.com\/de\/#organization\",\"name\":\"Enoveas\",\"url\":\"https:\/\/enoveas.com\/de\/\",\"logo\":{\"@type\":\"ImageObject\",\"inLanguage\":\"de\",\"@id\":\"https:\/\/enoveas.com\/de\/#\/schema\/logo\/image\/\",\"url\":\"https:\/\/enoveas.com\/wp-content\/uploads\/2023\/03\/logo-enoveas-swiss.svg\",\"contentUrl\":\"https:\/\/enoveas.com\/wp-content\/uploads\/2023\/03\/logo-enoveas-swiss.svg\",\"width\":8028,\"height\":8129,\"caption\":\"Enoveas\"},\"image\":{\"@id\":\"https:\/\/enoveas.com\/de\/#\/schema\/logo\/image\/\"},\"sameAs\":[\"https:\/\/www.linkedin.com\/company\/enoveas\/\"]}]}<\/script>\n<!-- \/ Yoast SEO plugin. -->","yoast_head_json":{"title":"B-Next Group - ENOVEAS","robots":{"index":"index","follow":"follow","max-snippet":"max-snippet:-1","max-image-preview":"max-image-preview:large","max-video-preview":"max-video-preview:-1"},"canonical":"https:\/\/enoveas.com\/de\/b-next-group\/","og_locale":"de_DE","og_type":"article","og_title":"B-Next Group - ENOVEAS","og_description":"[vc_row row_height_percent=&#8220;75&#8243; override_padding=&#8220;yes&#8220; h_padding=&#8220;2&#8243; top_padding=&#8220;4&#8243; bottom_padding=&#8220;4&#8243; back_color=&#8220;color-wayh&#8220; back_image=&#8220;121366&#8243; back_repeat=&#8220;no-repeat&#8220; back_position=&#8220;center top&#8220; overlay_color=&#8220;color-121276&#8243; overlay_alpha=&#8220;50&#8243; gutter_size=&#8220;3&#8243; column_width_use_pixel=&#8220;yes&#8220; shift_y=&#8220;0&#8243; z_index=&#8220;0&#8243; bottom_divider=&#8220;gradient&#8220; content_parallax=&#8220;0&#8243; uncode_shortcode_id=&#8220;177242&#8243; [&hellip;]","og_url":"https:\/\/enoveas.com\/de\/b-next-group\/","og_site_name":"ENOVEAS","article_modified_time":"2025-11-27T08:27:05+00:00","og_image":[{"width":1200,"height":768,"url":"https:\/\/enoveas.com\/wp-content\/uploads\/2023\/03\/set-con-prospettiva-jpg-FORZATA.5568-copia-2-SOLO-3-MACCHINE.jpg","type":"image\/jpeg"}],"twitter_card":"summary_large_image","twitter_misc":{"Gesch\u00e4tzte Lesezeit":"4\u00a0Minuten"},"schema":{"@context":"https:\/\/schema.org","@graph":[{"@type":"WebPage","@id":"https:\/\/enoveas.com\/de\/b-next-group\/","url":"https:\/\/enoveas.com\/de\/b-next-group\/","name":"B-Next Group - ENOVEAS","isPartOf":{"@id":"https:\/\/enoveas.com\/de\/#website"},"datePublished":"2024-10-18T05:59:19+00:00","dateModified":"2025-11-27T08:27:05+00:00","breadcrumb":{"@id":"https:\/\/enoveas.com\/de\/b-next-group\/#breadcrumb"},"inLanguage":"de","potentialAction":[{"@type":"ReadAction","target":["https:\/\/enoveas.com\/de\/b-next-group\/"]}]},{"@type":"BreadcrumbList","@id":"https:\/\/enoveas.com\/de\/b-next-group\/#breadcrumb","itemListElement":[{"@type":"ListItem","position":1,"name":"Home","item":"https:\/\/enoveas.com\/de\/home-silex\/"},{"@type":"ListItem","position":2,"name":"B-Next Group"}]},{"@type":"WebSite","@id":"https:\/\/enoveas.com\/de\/#website","url":"https:\/\/enoveas.com\/de\/","name":"ENOVEAS","description":"To transform the factory concept","publisher":{"@id":"https:\/\/enoveas.com\/de\/#organization"},"alternateName":"Silex CNC","potentialAction":[{"@type":"SearchAction","target":{"@type":"EntryPoint","urlTemplate":"https:\/\/enoveas.com\/de\/?s={search_term_string}"},"query-input":{"@type":"PropertyValueSpecification","valueRequired":true,"valueName":"search_term_string"}}],"inLanguage":"de"},{"@type":"Organization","@id":"https:\/\/enoveas.com\/de\/#organization","name":"Enoveas","url":"https:\/\/enoveas.com\/de\/","logo":{"@type":"ImageObject","inLanguage":"de","@id":"https:\/\/enoveas.com\/de\/#\/schema\/logo\/image\/","url":"https:\/\/enoveas.com\/wp-content\/uploads\/2023\/03\/logo-enoveas-swiss.svg","contentUrl":"https:\/\/enoveas.com\/wp-content\/uploads\/2023\/03\/logo-enoveas-swiss.svg","width":8028,"height":8129,"caption":"Enoveas"},"image":{"@id":"https:\/\/enoveas.com\/de\/#\/schema\/logo\/image\/"},"sameAs":["https:\/\/www.linkedin.com\/company\/enoveas\/"]}]}},"_links":{"self":[{"href":"https:\/\/enoveas.com\/de\/wp-json\/wp\/v2\/pages\/121543","targetHints":{"allow":["GET"]}}],"collection":[{"href":"https:\/\/enoveas.com\/de\/wp-json\/wp\/v2\/pages"}],"about":[{"href":"https:\/\/enoveas.com\/de\/wp-json\/wp\/v2\/types\/page"}],"author":[{"embeddable":true,"href":"https:\/\/enoveas.com\/de\/wp-json\/wp\/v2\/users\/1"}],"replies":[{"embeddable":true,"href":"https:\/\/enoveas.com\/de\/wp-json\/wp\/v2\/comments?post=121543"}],"version-history":[{"count":6,"href":"https:\/\/enoveas.com\/de\/wp-json\/wp\/v2\/pages\/121543\/revisions"}],"predecessor-version":[{"id":121801,"href":"https:\/\/enoveas.com\/de\/wp-json\/wp\/v2\/pages\/121543\/revisions\/121801"}],"wp:attachment":[{"href":"https:\/\/enoveas.com\/de\/wp-json\/wp\/v2\/media?parent=121543"}],"curies":[{"name":"wp","href":"https:\/\/api.w.org\/{rel}","templated":true}]}}