{"id":121327,"date":"2024-10-17T12:26:16","date_gmt":"2024-10-17T12:26:16","guid":{"rendered":"https:\/\/enoveas.com\/sef-growth-high-potential-labels\/"},"modified":"2024-10-21T11:57:06","modified_gmt":"2024-10-21T11:57:06","slug":"sef-growth-high-potential-labels","status":"publish","type":"page","link":"https:\/\/enoveas.com\/de\/sef-growth-high-potential-labels\/","title":{"rendered":"SEF.Growth High-Potential Label"},"content":{"rendered":"<div class=\"wpb-content-wrapper\"><p>[vc_row row_height_percent=&#8220;0&#8243; back_color=&#8220;color-jevc&#8220; overlay_color=&#8220;color-nhtu&#8220; overlay_alpha=&#8220;30&#8243; equal_height=&#8220;yes&#8220; gutter_size=&#8220;3&#8243; column_width_percent=&#8220;100&#8243; shift_y=&#8220;0&#8243; z_index=&#8220;0&#8243; auto_height_device=&#8220;yes&#8220; content_parallax=&#8220;0&#8243; uncode_shortcode_id=&#8220;177006&#8243; row_height_pixel=&#8220;600&#8243; css=&#8220;.vc_custom_1729168428839{margin-top: -5px !important;padding-top: 3rem !important;padding-bottom: 3rem !important;}&#8220; back_color_type=&#8220;uncode-palette&#8220; overlay_color_type=&#8220;uncode-palette&#8220;][vc_column column_width_percent=&#8220;100&#8243; position_horizontal=&#8220;left&#8220; position_vertical=&#8220;middle&#8220; gutter_size=&#8220;3&#8243; overlay_alpha=&#8220;50&#8243; shift_x=&#8220;0&#8243; shift_y=&#8220;0&#8243; shift_y_down=&#8220;0&#8243; z_index=&#8220;0&#8243; align_medium=&#8220;align_center_tablet&#8220; medium_width=&#8220;0&#8243; align_mobile=&#8220;align_center_mobile&#8220; mobile_width=&#8220;0&#8243; width=&#8220;1\/2&#8243; uncode_shortcode_id=&#8220;134134&#8243;][vc_custom_heading text_color=&#8220;color-xsdn&#8220; heading_semantic=&#8220;h1&#8243; text_size=&#8220;fontsize-210105&#8243; text_height=&#8220;fontheight-524109&#8243; uncode_shortcode_id=&#8220;179127&#8243; text_color_type=&#8220;uncode-palette&#8220;]SEF.Growth High-Potential Label[\/vc_custom_heading][vc_custom_heading text_color=&#8220;color-lxmt&#8220; heading_semantic=&#8220;h3&#8243; text_size=&#8220;&#8220; uncode_shortcode_id=&#8220;537615&#8243; text_color_type=&#8220;uncode-palette&#8220;]<strong>Erhalt des prestigetr\u00e4chtigen SEF.Growth High-Potential-Labels<\/strong>[\/vc_custom_heading][\/vc_column][vc_column column_width_percent=&#8220;100&#8243; position_vertical=&#8220;middle&#8220; gutter_size=&#8220;3&#8243; overlay_alpha=&#8220;50&#8243; shift_x=&#8220;0&#8243; shift_y=&#8220;0&#8243; shift_y_down=&#8220;0&#8243; z_index=&#8220;0&#8243; medium_width=&#8220;0&#8243; mobile_width=&#8220;0&#8243; width=&#8220;1\/2&#8243; uncode_shortcode_id=&#8220;501554&#8243;][vc_single_image media=&#8220;120468&#8243; media_width_percent=&#8220;100&#8243; uncode_shortcode_id=&#8220;107211&#8243; media_link=&#8220;url:https%3A%2F%2Fwww.sef-growth.ch%2Fen%2Fsuccess-stories%2F2024%2Fenoveas|target:_blank&#8220;][\/vc_column][\/vc_row][vc_row row_height_percent=&#8220;0&#8243; override_padding=&#8220;yes&#8220; h_padding=&#8220;2&#8243; top_padding=&#8220;4&#8243; bottom_padding=&#8220;4&#8243; overlay_alpha=&#8220;50&#8243; gutter_size=&#8220;3&#8243; column_width_percent=&#8220;100&#8243; shift_y=&#8220;0&#8243; z_index=&#8220;0&#8243; content_parallax=&#8220;0&#8243; uncode_shortcode_id=&#8220;511004&#8243;][vc_column column_width_percent=&#8220;80&#8243; gutter_size=&#8220;3&#8243; overlay_alpha=&#8220;50&#8243; shift_x=&#8220;0&#8243; shift_y=&#8220;0&#8243; shift_y_down=&#8220;0&#8243; z_index=&#8220;0&#8243; medium_width=&#8220;0&#8243; mobile_width=&#8220;0&#8243; width=&#8220;1\/1&#8243; uncode_shortcode_id=&#8220;191912&#8243;][vc_column_text text_lead=&#8220;yes&#8220; uncode_shortcode_id=&#8220;217179&#8243;]<\/p>\n<h3><strong>August 2024 \u2013 Erhalt des prestigetr\u00e4chtigen SEF.Growth High-Potential-Labels<\/strong><\/h3>\n<p> Unser innovatives Unternehmen, spezialisiert auf die Entwicklung intelligenter industrieller Mikromaschinen, hat das <strong>SEF.Growth High-Potential-Label<\/strong>, erhalten, eine Anerkennung, die vom Swiss Economic Forum (SEF) verliehen wird. Dieses Label hebt das aussergew\u00f6hnliche Wachstumspotenzial des Unternehmens sowie seinen disruptiven Ansatz hervor, der den wachsenden Anforderungen der Industrie mit nachhaltigen und leistungsstarken L\u00f6sungen begegnet. Die SEF.Growth-Jury lobte das solide Gesch\u00e4ftsmodell von ENOVEAS, das auf die aktuellen Marktanforderungen und die Ziele der Nachhaltigkeit abgestimmt ist. Dank der <strong>Modularit\u00e4t<\/strong> und der <strong>einzigartigen Eigenschaften<\/strong> seiner Maschinen positioniert sich ENOVEAS als Schl\u00fcsselakteur in der Branche. Diese Auszeichnung zeigt die F\u00e4higkeit des Unternehmens, industrielle Prozesse zu transformieren, w\u00e4hrend es die Betriebskosten optimiert, die Produktivit\u00e4t pro Quadratmeter verbessert und und einem stark reduzierten Energieverbrauch.     <\/p>\n<h4><strong>Eine innovationsorientierte Strategie<\/strong><\/h4>\n<p> ENOVEAS hat sich auch durch seinen innovativen Ansatz im Personalwesen hervorgetan, indem es Talente aus verschiedenen Sektoren integriert hat, um neue Perspektiven zu f\u00f6rdern und traditionelle Prozesse zu erneuern. Diese Strategie war entscheidend f\u00fcr die Entwicklung der revolution\u00e4ren Technologien des Unternehmens. Wie <strong>Martin Boeni<\/strong>, Gr\u00fcnder und Pr\u00e4sident von ENOVEAS, betont:    <em>\u201eDies ist nicht nur eine Anerkennung unserer harten Arbeit, sondern auch eine Best\u00e4tigung unseres Potentials, die Zukunft der industriellen Prozesse zu gestalten.\u201c<\/em><\/p>\n<h4><strong>Ein entscheidender Wendepunkt f\u00fcr die Industrie<\/strong><\/h4>\n<p> Seit der Markteinf\u00fchrung von <strong>Silex <\/strong>im August 2023 hat ENOVEAS die Aufmerksamkeit von Branchenexperten mit dieser disruptiven und kompakten Mikromaschine auf sich gezogen, die <strong>Leistung, Pr\u00e4zision <\/strong>und <strong>Energieeffizienz <\/strong>vereint. Konzipiert, um den Anforderungen von Branchen wie der <strong>Medizintechnik<\/strong>, der <strong>Luft- und Raumfahrt<\/strong> sowie der <strong>Uhrenindustrie <\/strong>gerecht zu werden, definiert Silex die Standards der Zerspanung mit ihren 4- und 5-Achsen-F\u00e4higkeiten, dem Kamerasichtsystem und der automatischen Korrekturschleife neu.<br \/>Die Integration einer eingebetteten Intelligenz erm\u00f6glicht die <strong>Echtzeit\u00fcberwachung <\/strong>von Werkzeugen und Komponenten, wodurch automatische Anpassungen und eine kontinuierliche Datenerfassung sichergestellt werden, um die Produktionsleistung zu optimieren.[\/vc_column_text][\/vc_column][\/vc_row][vc_row row_height_percent=&#8220;0&#8243; back_image=&#8220;120460&#8243; overlay_alpha=&#8220;50&#8243; gutter_size=&#8220;3&#8243; column_width_percent=&#8220;100&#8243; shift_y=&#8220;0&#8243; z_index=&#8220;0&#8243; content_parallax=&#8220;0&#8243; uncode_shortcode_id=&#8220;155302&#8243; row_height_pixel=&#8220;650&#8243;][vc_column width=&#8220;1\/1&#8243;][\/vc_column][\/vc_row][vc_row row_height_percent=&#8220;0&#8243; override_padding=&#8220;yes&#8220; h_padding=&#8220;2&#8243; top_padding=&#8220;4&#8243; bottom_padding=&#8220;2&#8243; overlay_alpha=&#8220;50&#8243; gutter_size=&#8220;3&#8243; column_width_percent=&#8220;100&#8243; shift_y=&#8220;0&#8243; z_index=&#8220;0&#8243; content_parallax=&#8220;0&#8243; uncode_shortcode_id=&#8220;363410&#8243;][vc_column column_width_percent=&#8220;80&#8243; gutter_size=&#8220;3&#8243; overlay_alpha=&#8220;50&#8243; shift_x=&#8220;0&#8243; shift_y=&#8220;0&#8243; shift_y_down=&#8220;0&#8243; z_index=&#8220;0&#8243; medium_width=&#8220;0&#8243; mobile_width=&#8220;0&#8243; width=&#8220;1\/1&#8243; uncode_shortcode_id=&#8220;853445&#8243;][vc_column_text text_lead=&#8220;yes&#8220; uncode_shortcode_id=&#8220;391809&#8243;]<\/p>\n<h3><strong>Eine Anerkennung, die die Zukunft st\u00e4rkt<\/strong><\/h3>\n<p> Der Erhalt des SEF.Growth High-Potential-Labels ist ein wichtiger Meilenstein in der Geschichte von ENOVEAS, der das Engagement des Unternehmens f\u00fcr <strong>Innovation<\/strong> und seine Vision einer nachhaltigeren und flexibleren industriellen Zukunft festigt. &nbsp;<\/p>\n<h3><strong>Was die SEF.Growth-Experten \u00fcber ENOVEAS sagen<\/strong><\/h3>\n<p> \u201eDas Gesch\u00e4ftsmodell von ENOVEAS ist robust und gut auf die Bed\u00fcrfnisse der Industrie sowie die Nachhaltigkeitsziele abgestimmt. Die Modularit\u00e4t und die einzigartigen Merkmale seiner Maschinen, kombiniert mit einem starken Wertversprechen, positionieren das Unternehmen vorteilhaft auf dem Markt.\u201c<br \/>\u201eDer Hauptfokus von ENOVEAS liegt auf technologischer Disruption und der Pr\u00e4sentation eines klaren Business Cases f\u00fcr die Kunden.\u201c<br \/>\u201eEine strategische Entscheidung des Managementteams war es, Menschen au\u00dferhalb des traditionellen Ingenieursektors zu rekrutieren. Dieser Ansatz stellt sicher, dass die Mitarbeiter offen f\u00fcr neue Ideen sind und in der Lage, Prozesse neu zu \u00fcberdenken, um disruptive Mikromaschinen f\u00fcr die Industrie zu entwickeln.\u201c<br \/>\u201eDas Produkt von ENOVEAS stellt eine bedeutende Ver\u00e4nderung auf dem Markt dar und bietet erhebliche Vorteile in Bezug auf Betriebskosten und Produktivit\u00e4t pro Quadratmeter. Die Vorteile sind klar und leicht zu kommunizieren, was ein \u00fcberzeugendes Argument f\u00fcr den Wandel darstellt. \u201c<br \/>\u201eENOVEAS hat das Potenzial f\u00fcr signifikantes Wachstum und Rentabilit\u00e4t. \u201c<br \/>\u201eAufgrund der starken Erfolgsbilanz, des \u00fcberzeugenden Gr\u00fcnderteams und des passenden Angebots in einem Marktumfeld, das von einer steigenden Nachfrage gepr\u00e4gt ist, bescheinigen die SEF.Growth-Experten ENOVEAS SA ein hohes Wachstumspotential und verleihen dem Unternehmen das Qualit\u00e4tslabel &#8218;SEF.Growth High Potential&#8216;.&#8220;[\/vc_column_text][\/vc_column][\/vc_row][vc_row row_height_percent=&#8220;0&#8243; override_padding=&#8220;yes&#8220; h_padding=&#8220;2&#8243; top_padding=&#8220;2&#8243; bottom_padding=&#8220;5&#8243; overlay_alpha=&#8220;50&#8243; gutter_size=&#8220;3&#8243; column_width_percent=&#8220;100&#8243; shift_y=&#8220;0&#8243; z_index=&#8220;0&#8243; content_parallax=&#8220;0&#8243; uncode_shortcode_id=&#8220;428639&#8243;][vc_column column_width_percent=&#8220;100&#8243; align_horizontal=&#8220;align_center&#8220; gutter_size=&#8220;3&#8243; overlay_alpha=&#8220;50&#8243; shift_x=&#8220;0&#8243; shift_y=&#8220;0&#8243; shift_y_down=&#8220;0&#8243; z_index=&#8220;0&#8243; medium_width=&#8220;0&#8243; mobile_width=&#8220;0&#8243; width=&#8220;1\/1&#8243; uncode_shortcode_id=&#8220;184581&#8243;][vc_button size=&#8220;btn-lg&#8220; border_width=&#8220;0&#8243; link=&#8220;url:https%3A%2F%2Fwww.sef-growth.ch%2Fen%2Fsuccess-stories%2F2024%2Fenoveas|target:_blank|&#8220; uncode_shortcode_id=&#8220;186442&#8243;]Weitere Informationen[\/vc_button][\/vc_column][\/vc_row]<\/p>\n<\/div>","protected":false},"excerpt":{"rendered":"<p>[vc_row row_height_percent=&#8220;0&#8243; back_color=&#8220;color-jevc&#8220; overlay_color=&#8220;color-nhtu&#8220; overlay_alpha=&#8220;30&#8243; equal_height=&#8220;yes&#8220; gutter_size=&#8220;3&#8243; column_width_percent=&#8220;100&#8243; shift_y=&#8220;0&#8243; z_index=&#8220;0&#8243; auto_height_device=&#8220;yes&#8220; content_parallax=&#8220;0&#8243; uncode_shortcode_id=&#8220;177006&#8243; row_height_pixel=&#8220;600&#8243; css=&#8220;.vc_custom_1729168428839{margin-top: -5px !important;padding-top: 3rem !important;padding-bottom: 3rem [&hellip;]<\/p>\n","protected":false},"author":1,"featured_media":0,"parent":0,"menu_order":0,"comment_status":"closed","ping_status":"closed","template":"","meta":{"_acf_changed":false,"inline_featured_image":false,"footnotes":""},"class_list":["post-121327","page","type-page","status-publish","hentry"],"acf":[],"yoast_head":"<!-- This site is optimized with the Yoast SEO plugin v26.3 - https:\/\/yoast.com\/wordpress\/plugins\/seo\/ -->\n<title>SEF.Growth High-Potential Label - ENOVEAS<\/title>\n<meta name=\"robots\" content=\"index, follow, max-snippet:-1, max-image-preview:large, max-video-preview:-1\" \/>\n<link rel=\"canonical\" href=\"https:\/\/enoveas.com\/de\/sef-growth-high-potential-labels\/\" \/>\n<meta property=\"og:locale\" content=\"de_DE\" \/>\n<meta property=\"og:type\" content=\"article\" \/>\n<meta property=\"og:title\" content=\"SEF.Growth High-Potential Label - ENOVEAS\" \/>\n<meta property=\"og:description\" content=\"[vc_row row_height_percent=&#8220;0&#8243; back_color=&#8220;color-jevc&#8220; overlay_color=&#8220;color-nhtu&#8220; overlay_alpha=&#8220;30&#8243; equal_height=&#8220;yes&#8220; gutter_size=&#8220;3&#8243; column_width_percent=&#8220;100&#8243; shift_y=&#8220;0&#8243; z_index=&#8220;0&#8243; auto_height_device=&#8220;yes&#8220; content_parallax=&#8220;0&#8243; uncode_shortcode_id=&#8220;177006&#8243; row_height_pixel=&#8220;600&#8243; css=&#8220;.vc_custom_1729168428839{margin-top: -5px !important;padding-top: 3rem !important;padding-bottom: 3rem [&hellip;]\" \/>\n<meta property=\"og:url\" content=\"https:\/\/enoveas.com\/de\/sef-growth-high-potential-labels\/\" \/>\n<meta property=\"og:site_name\" content=\"ENOVEAS\" \/>\n<meta property=\"article:modified_time\" content=\"2024-10-21T11:57:06+00:00\" \/>\n<meta property=\"og:image\" content=\"https:\/\/enoveas.com\/wp-content\/uploads\/2023\/03\/set-con-prospettiva-jpg-FORZATA.5568-copia-2-SOLO-3-MACCHINE.jpg\" \/>\n\t<meta property=\"og:image:width\" content=\"1200\" \/>\n\t<meta property=\"og:image:height\" content=\"768\" \/>\n\t<meta property=\"og:image:type\" content=\"image\/jpeg\" \/>\n<meta name=\"twitter:card\" content=\"summary_large_image\" \/>\n<meta name=\"twitter:label1\" content=\"Gesch\u00e4tzte Lesezeit\" \/>\n\t<meta name=\"twitter:data1\" content=\"5\u00a0Minuten\" \/>\n<script type=\"application\/ld+json\" class=\"yoast-schema-graph\">{\"@context\":\"https:\/\/schema.org\",\"@graph\":[{\"@type\":\"WebPage\",\"@id\":\"https:\/\/enoveas.com\/de\/sef-growth-high-potential-labels\/\",\"url\":\"https:\/\/enoveas.com\/de\/sef-growth-high-potential-labels\/\",\"name\":\"SEF.Growth High-Potential Label - ENOVEAS\",\"isPartOf\":{\"@id\":\"https:\/\/enoveas.com\/de\/#website\"},\"datePublished\":\"2024-10-17T12:26:16+00:00\",\"dateModified\":\"2024-10-21T11:57:06+00:00\",\"breadcrumb\":{\"@id\":\"https:\/\/enoveas.com\/de\/sef-growth-high-potential-labels\/#breadcrumb\"},\"inLanguage\":\"de\",\"potentialAction\":[{\"@type\":\"ReadAction\",\"target\":[\"https:\/\/enoveas.com\/de\/sef-growth-high-potential-labels\/\"]}]},{\"@type\":\"BreadcrumbList\",\"@id\":\"https:\/\/enoveas.com\/de\/sef-growth-high-potential-labels\/#breadcrumb\",\"itemListElement\":[{\"@type\":\"ListItem\",\"position\":1,\"name\":\"Home\",\"item\":\"https:\/\/enoveas.com\/de\/home-silex\/\"},{\"@type\":\"ListItem\",\"position\":2,\"name\":\"SEF.Growth High-Potential Label\"}]},{\"@type\":\"WebSite\",\"@id\":\"https:\/\/enoveas.com\/de\/#website\",\"url\":\"https:\/\/enoveas.com\/de\/\",\"name\":\"ENOVEAS\",\"description\":\"To transform the factory concept\",\"publisher\":{\"@id\":\"https:\/\/enoveas.com\/de\/#organization\"},\"alternateName\":\"Silex CNC\",\"potentialAction\":[{\"@type\":\"SearchAction\",\"target\":{\"@type\":\"EntryPoint\",\"urlTemplate\":\"https:\/\/enoveas.com\/de\/?s={search_term_string}\"},\"query-input\":{\"@type\":\"PropertyValueSpecification\",\"valueRequired\":true,\"valueName\":\"search_term_string\"}}],\"inLanguage\":\"de\"},{\"@type\":\"Organization\",\"@id\":\"https:\/\/enoveas.com\/de\/#organization\",\"name\":\"Enoveas\",\"url\":\"https:\/\/enoveas.com\/de\/\",\"logo\":{\"@type\":\"ImageObject\",\"inLanguage\":\"de\",\"@id\":\"https:\/\/enoveas.com\/de\/#\/schema\/logo\/image\/\",\"url\":\"https:\/\/enoveas.com\/wp-content\/uploads\/2023\/03\/logo-enoveas-swiss.svg\",\"contentUrl\":\"https:\/\/enoveas.com\/wp-content\/uploads\/2023\/03\/logo-enoveas-swiss.svg\",\"width\":8028,\"height\":8129,\"caption\":\"Enoveas\"},\"image\":{\"@id\":\"https:\/\/enoveas.com\/de\/#\/schema\/logo\/image\/\"},\"sameAs\":[\"https:\/\/www.linkedin.com\/company\/enoveas\/\"]}]}<\/script>\n<!-- \/ Yoast SEO plugin. -->","yoast_head_json":{"title":"SEF.Growth High-Potential Label - ENOVEAS","robots":{"index":"index","follow":"follow","max-snippet":"max-snippet:-1","max-image-preview":"max-image-preview:large","max-video-preview":"max-video-preview:-1"},"canonical":"https:\/\/enoveas.com\/de\/sef-growth-high-potential-labels\/","og_locale":"de_DE","og_type":"article","og_title":"SEF.Growth High-Potential Label - ENOVEAS","og_description":"[vc_row row_height_percent=&#8220;0&#8243; back_color=&#8220;color-jevc&#8220; overlay_color=&#8220;color-nhtu&#8220; overlay_alpha=&#8220;30&#8243; equal_height=&#8220;yes&#8220; gutter_size=&#8220;3&#8243; column_width_percent=&#8220;100&#8243; shift_y=&#8220;0&#8243; z_index=&#8220;0&#8243; auto_height_device=&#8220;yes&#8220; content_parallax=&#8220;0&#8243; uncode_shortcode_id=&#8220;177006&#8243; row_height_pixel=&#8220;600&#8243; css=&#8220;.vc_custom_1729168428839{margin-top: -5px !important;padding-top: 3rem !important;padding-bottom: 3rem [&hellip;]","og_url":"https:\/\/enoveas.com\/de\/sef-growth-high-potential-labels\/","og_site_name":"ENOVEAS","article_modified_time":"2024-10-21T11:57:06+00:00","og_image":[{"width":1200,"height":768,"url":"https:\/\/enoveas.com\/wp-content\/uploads\/2023\/03\/set-con-prospettiva-jpg-FORZATA.5568-copia-2-SOLO-3-MACCHINE.jpg","type":"image\/jpeg"}],"twitter_card":"summary_large_image","twitter_misc":{"Gesch\u00e4tzte Lesezeit":"5\u00a0Minuten"},"schema":{"@context":"https:\/\/schema.org","@graph":[{"@type":"WebPage","@id":"https:\/\/enoveas.com\/de\/sef-growth-high-potential-labels\/","url":"https:\/\/enoveas.com\/de\/sef-growth-high-potential-labels\/","name":"SEF.Growth High-Potential Label - ENOVEAS","isPartOf":{"@id":"https:\/\/enoveas.com\/de\/#website"},"datePublished":"2024-10-17T12:26:16+00:00","dateModified":"2024-10-21T11:57:06+00:00","breadcrumb":{"@id":"https:\/\/enoveas.com\/de\/sef-growth-high-potential-labels\/#breadcrumb"},"inLanguage":"de","potentialAction":[{"@type":"ReadAction","target":["https:\/\/enoveas.com\/de\/sef-growth-high-potential-labels\/"]}]},{"@type":"BreadcrumbList","@id":"https:\/\/enoveas.com\/de\/sef-growth-high-potential-labels\/#breadcrumb","itemListElement":[{"@type":"ListItem","position":1,"name":"Home","item":"https:\/\/enoveas.com\/de\/home-silex\/"},{"@type":"ListItem","position":2,"name":"SEF.Growth High-Potential Label"}]},{"@type":"WebSite","@id":"https:\/\/enoveas.com\/de\/#website","url":"https:\/\/enoveas.com\/de\/","name":"ENOVEAS","description":"To transform the factory concept","publisher":{"@id":"https:\/\/enoveas.com\/de\/#organization"},"alternateName":"Silex CNC","potentialAction":[{"@type":"SearchAction","target":{"@type":"EntryPoint","urlTemplate":"https:\/\/enoveas.com\/de\/?s={search_term_string}"},"query-input":{"@type":"PropertyValueSpecification","valueRequired":true,"valueName":"search_term_string"}}],"inLanguage":"de"},{"@type":"Organization","@id":"https:\/\/enoveas.com\/de\/#organization","name":"Enoveas","url":"https:\/\/enoveas.com\/de\/","logo":{"@type":"ImageObject","inLanguage":"de","@id":"https:\/\/enoveas.com\/de\/#\/schema\/logo\/image\/","url":"https:\/\/enoveas.com\/wp-content\/uploads\/2023\/03\/logo-enoveas-swiss.svg","contentUrl":"https:\/\/enoveas.com\/wp-content\/uploads\/2023\/03\/logo-enoveas-swiss.svg","width":8028,"height":8129,"caption":"Enoveas"},"image":{"@id":"https:\/\/enoveas.com\/de\/#\/schema\/logo\/image\/"},"sameAs":["https:\/\/www.linkedin.com\/company\/enoveas\/"]}]}},"_links":{"self":[{"href":"https:\/\/enoveas.com\/de\/wp-json\/wp\/v2\/pages\/121327","targetHints":{"allow":["GET"]}}],"collection":[{"href":"https:\/\/enoveas.com\/de\/wp-json\/wp\/v2\/pages"}],"about":[{"href":"https:\/\/enoveas.com\/de\/wp-json\/wp\/v2\/types\/page"}],"author":[{"embeddable":true,"href":"https:\/\/enoveas.com\/de\/wp-json\/wp\/v2\/users\/1"}],"replies":[{"embeddable":true,"href":"https:\/\/enoveas.com\/de\/wp-json\/wp\/v2\/comments?post=121327"}],"version-history":[{"count":5,"href":"https:\/\/enoveas.com\/de\/wp-json\/wp\/v2\/pages\/121327\/revisions"}],"predecessor-version":[{"id":121529,"href":"https:\/\/enoveas.com\/de\/wp-json\/wp\/v2\/pages\/121327\/revisions\/121529"}],"wp:attachment":[{"href":"https:\/\/enoveas.com\/de\/wp-json\/wp\/v2\/media?parent=121327"}],"curies":[{"name":"wp","href":"https:\/\/api.w.org\/{rel}","templated":true}]}}